{"id":2,"date":"2024-05-02T12:30:42","date_gmt":"2024-05-02T12:30:42","guid":{"rendered":"http:\/\/localhost\/tiendas\/?page_id=2"},"modified":"2026-01-15T16:31:28","modified_gmt":"2026-01-15T16:31:28","slug":"inicio-2","status":"publish","type":"page","link":"https:\/\/www.lugar921.com\/es\/","title":{"rendered":"Inicio"},"content":{"rendered":"<div id=\"hero\" class=\"row\">\n\n    <div class=\"col-12 px-3\">\n        <div class=\"container px-0\">\n            <div class=\"row position-relative\">\n                <div class=\"col-sm-11 col-12 d-flex flex-column justify-content-start align-items-start text-container\">\n                                                                <div data-aos=\"fade-up\"><p>Encontramos lo que obstruye el despegue de <strong class=\"animated\">UN PRODUCTO<\/strong><br \/>\ndigital y lo destrabamos con soluciones simples.<\/p>\n<\/div>\n                                    <\/div>\n                                                    <div class=\"col-12 d-none\">\n                        <div class=\"inner-box\">\n                                                                                    <div class=\"box-description\" data-aos=\"fade-up\">\n                                                            <\/div>\n                        <\/div>\n                    <\/div>\n                            <\/div>\n        <\/div>\n    <\/div>\n\n<\/div>\n\n<div id=\"solutions\" class=\"row pb-0\">\n\n    <div class=\"col-12 px-3\">\n        <div class=\"container px-0\">\n            <div class=\"row position-relative\">\n                <div class=\"col-sm-12 col-12 d-flex flex-column justify-content-center align-items-start text-container\">\n                    <h2 data-aos=\"fade-up\" class=\"w-100\">Soluciones pr\u00e1cticas para resolver desaf\u00edos concretos<\/h2>\n                    <div data-aos=\"fade-up\" class=\"w-100 text-center\"><p><\/p><\/div>\n\n                                                                <div class=\"solution-container\">\n                                                            <div class=\"solution-item d-flex align-items-start justify-content-between\">\n                                    <div class=\"solution-item-image\">\n                                        <img decoding=\"async\" src=\"https:\/\/www.lugar921.com\/wp-content\/uploads\/2026\/01\/logo-wa.svg\" alt=\"\" data-aos=\"fade-right\">\n                                    <\/div>\n                                    <div class=\"solution-item-content\" data-aos=\"fade-left\">\n                                        <p>M\u00e9todo de diagn\u00f3stico r\u00e1pido y ajustes eficaces para mejorar significativamente el rendimiento de productos y servicios digitales cuando no hay espacio ni tiempo para redise\u00f1ar o relanzar.<\/p>\n                                                                                    <p class=\"development mb-0\">En desarrollo<\/p>\n                                                                            <\/div>\n                                <\/div>\n                                                            <div class=\"solution-item d-flex align-items-start justify-content-between\">\n                                    <div class=\"solution-item-image\">\n                                        <img decoding=\"async\" src=\"https:\/\/www.lugar921.com\/wp-content\/uploads\/2026\/01\/SmartQuizzes.svg\" alt=\"\" data-aos=\"fade-right\">\n                                    <\/div>\n                                    <div class=\"solution-item-content\" data-aos=\"fade-left\">\n                                        <p>El valor de plantear una pregunta de la manera correcta y en el momento justo es vital para lograr un objetivo de negocio: vender, perfilar, priorizar, descartar, etc. SmartQuizzes crea e implementa funnels de conversi\u00f3n basados en cuestionarios eficaces.<\/p>\n                                                                                    <p class=\"development mb-0\">En desarrollo<\/p>\n                                                                            <\/div>\n                                <\/div>\n                                                            <div class=\"solution-item d-flex align-items-start justify-content-between\">\n                                    <div class=\"solution-item-image\">\n                                        <img decoding=\"async\" src=\"https:\/\/www.lugar921.com\/wp-content\/uploads\/2026\/01\/Group-87.svg\" alt=\"\" data-aos=\"fade-right\">\n                                    <\/div>\n                                    <div class=\"solution-item-content\" data-aos=\"fade-left\">\n                                        <p>Comunicar es un arte. Contar con un apoyo a la altura frente a audiencias exigentes, una ventaja competitiva invaluable. SmartSlideshow es un servicio de storytelling que crea presentaciones asertivas, compactas y elegantes, para usar en las grandes ocasiones.<\/p>\n                                                                                    <p class=\"development mb-0\">En desarrollo<\/p>\n                                                                            <\/div>\n                                <\/div>\n                                                    <\/div>\n                                    <\/div>\n            <\/div>\n        <\/div>\n    <\/div>\n\n<\/div>\n\n<div id=\"solutions\" class=\"row \">\n\n    <div class=\"col-12 px-3\">\n        <div class=\"container px-0\">\n            <div class=\"row position-relative\">\n                <div class=\"col-sm-12 col-12 d-flex flex-column justify-content-center align-items-start text-container\">\n                    <h2 data-aos=\"fade-up\" class=\"w-100\">Plataformas para emprendedores<\/h2>\n                    <div data-aos=\"fade-up\" class=\"w-100 text-center\"><p><\/p><\/div>\n\n                                                                <div class=\"solution-container\">\n                                                            <div class=\"solution-item d-flex align-items-start justify-content-between\">\n                                    <div class=\"solution-item-image\">\n                                        <img decoding=\"async\" src=\"https:\/\/www.lugar921.com\/wp-content\/uploads\/2025\/06\/Xopifier.svg\" alt=\"\" data-aos=\"fade-right\">\n                                    <\/div>\n                                    <div class=\"solution-item-content\" data-aos=\"fade-left\">\n                                        <p>Xopifier es una capa de servicio que conecta la extraordinaria plataforma Shopify con emprendedores que necesitan una tienda en l\u00ednea sin lidiar con la parte t\u00e9cnica para enfocarse en lo importante: Vender y hacer crecer su negocio.<\/p>\n                                                                                    <a class=\"direct-link\" href=\"https:\/\/www.xopifier.com\" target=\"_blank\" title=\"www.xopifier.com\">www.xopifier.com<\/a>\n                                                                            <\/div>\n                                <\/div>\n                                                            <div class=\"solution-item d-flex align-items-start justify-content-between\">\n                                    <div class=\"solution-item-image\">\n                                        <img decoding=\"async\" src=\"https:\/\/www.lugar921.com\/wp-content\/uploads\/2025\/06\/Glassy.svg\" alt=\"\" data-aos=\"fade-right\">\n                                    <\/div>\n                                    <div class=\"solution-item-content\" data-aos=\"fade-left\">\n                                        <p>El sue\u00f1o de muchos en plena madurez profesional es independizarse. Glassy es una suite de recursos digitales que consolida lo necesario para difundir y vender en l\u00ednea servicios especializados como coaching, consultor\u00eda, formaci\u00f3n y m\u00e1s.<\/p>\n                                                                                    <p class=\"development mb-0\">En desarrollo<\/p>\n                                                                            <\/div>\n                                <\/div>\n                                                    <\/div>\n                                    <\/div>\n            <\/div>\n        <\/div>\n    <\/div>\n\n<\/div>\n\n<div id=\"bios\" class=\"row\">\n\n    <div class=\"col-12 px-3\">\n        <div class=\"container px-0\">\n            <div class=\"row position-relative\">\n                <div class=\"col-sm-12 col-12 d-flex flex-column justify-content-center align-items-start text-container\">\n                    <h2 data-aos=\"fade-up\" class=\"w-100\">Hecho en Am\u00e9rica<\/h2>\n                    <div data-aos=\"fade-up\" class=\"w-100 text-center\">El equipo fundador que impulsa <strong>LUGAR 921<\/strong><\/div>\n\n                                                                <div class=\"bio-container\">\n                                                            <div class=\"bio-item d-flex flex-column align-items-center justify-content-start\">\n                                    <div class=\"bio-item-image\">\n                                        <img decoding=\"async\" src=\"https:\/\/www.lugar921.com\/wp-content\/uploads\/2025\/06\/Paco.png\" alt=\"\" data-aos=\"fade-up\">\n                                    <\/div>\n                                    <div class=\"bio-item-content\" data-aos=\"fade-down\">\n                                        <h3>Paco Lule<\/h3>\n                                        <span>Design Maker<\/span>\n                                        <p>D\u00e9cadas de experiencia en dise\u00f1o visual enfocado en UX\/UI y branding, colaborando como consultor para empresas y startups en EE.UU., M\u00e9xico, Chile, Espa\u00f1a y Reino Unido.<\/p>\n                                    <\/div>\n                                <\/div>\n                                                            <div class=\"bio-item d-flex flex-column align-items-center justify-content-start\">\n                                    <div class=\"bio-item-image\">\n                                        <img decoding=\"async\" src=\"https:\/\/www.lugar921.com\/wp-content\/uploads\/2025\/06\/Yoel.png\" alt=\"\" data-aos=\"fade-up\">\n                                    <\/div>\n                                    <div class=\"bio-item-content\" data-aos=\"fade-down\">\n                                        <h3>Yoel Rodr\u00edguez<\/h3>\n                                        <span>Digital Builder<\/span>\n                                        <p>Desarrollador web con amplia experiencia creando soluciones tecnol\u00f3gicas para clientes en EE.UU. y Espa\u00f1a, desde startups hasta empresas consolidadas.<\/p>\n                                    <\/div>\n                                <\/div>\n                                                            <div class=\"bio-item d-flex flex-column align-items-center justify-content-start\">\n                                    <div class=\"bio-item-image\">\n                                        <img decoding=\"async\" src=\"https:\/\/www.lugar921.com\/wp-content\/uploads\/2025\/06\/Jorge.png\" alt=\"\" data-aos=\"fade-up\">\n                                    <\/div>\n                                    <div class=\"bio-item-content\" data-aos=\"fade-down\">\n                                        <h3>Jorge Garrido<\/h3>\n                                        <span>Interaction Shaper<\/span>\n                                        <p>20+ a\u00f1os especializado en Dise\u00f1o de Interacci\u00f3n para Banca y Servicios Financieros, Telecomunicaciones y Retail en proyectos en Chile, Argentina, Per\u00fa, Ecuador, M\u00e9xico y Espa\u00f1a.<\/p>\n                                    <\/div>\n                                <\/div>\n                                                    <\/div>\n                                    <\/div>\n            <\/div>\n        <\/div>\n    <\/div>\n\n<\/div>","protected":false},"excerpt":{"rendered":"","protected":false},"author":1,"featured_media":0,"parent":0,"menu_order":0,"comment_status":"closed","ping_status":"closed","template":"page-home.php","meta":{"_acf_changed":false,"inline_featured_image":false,"footnotes":""},"class_list":["post-2","page","type-page","status-publish","hentry"],"acf":[],"_links":{"self":[{"href":"https:\/\/www.lugar921.com\/es\/wp-json\/wp\/v2\/pages\/2","targetHints":{"allow":["GET"]}}],"collection":[{"href":"https:\/\/www.lugar921.com\/es\/wp-json\/wp\/v2\/pages"}],"about":[{"href":"https:\/\/www.lugar921.com\/es\/wp-json\/wp\/v2\/types\/page"}],"author":[{"embeddable":true,"href":"https:\/\/www.lugar921.com\/es\/wp-json\/wp\/v2\/users\/1"}],"replies":[{"embeddable":true,"href":"https:\/\/www.lugar921.com\/es\/wp-json\/wp\/v2\/comments?post=2"}],"version-history":[{"count":10,"href":"https:\/\/www.lugar921.com\/es\/wp-json\/wp\/v2\/pages\/2\/revisions"}],"predecessor-version":[{"id":2909,"href":"https:\/\/www.lugar921.com\/es\/wp-json\/wp\/v2\/pages\/2\/revisions\/2909"}],"wp:attachment":[{"href":"https:\/\/www.lugar921.com\/es\/wp-json\/wp\/v2\/media?parent=2"}],"curies":[{"name":"wp","href":"https:\/\/api.w.org\/{rel}","templated":true}]}}